{"id":282,"date":"2021-02-03T14:41:31","date_gmt":"2021-02-03T13:41:31","guid":{"rendered":"https:\/\/pelotes-bobines-et-paillettes.fr\/?page_id=282"},"modified":"2026-01-06T09:28:31","modified_gmt":"2026-01-06T08:28:31","slug":"cours-de-diy-gers-seissan","status":"publish","type":"page","link":"https:\/\/pelotes-bobines-et-paillettes.fr\/index.php\/cours-de-diy-gers-seissan\/","title":{"rendered":"Cours"},"content":{"rendered":"\n<h2 class=\"wp-block-heading has-text-color\" style=\"color:#009e83\">Les cours de DIY gers de Pelotes Bobines et Paillettes<\/h2>\n\n\n\n<p class=\"has-text-color\" style=\"color:#e1007a\"><strong>Consultez l&rsquo;<a href=\"https:\/\/pelotes-bobines-et-paillettes.fr\/index.php\/diy-gers\/\">Agenda<\/a> pour les Cours d\u00e9j\u00e0 programm\u00e9s. Et contactez-nous si vous souhaitez un horaire diff\u00e9rent<\/strong><\/p>\n\n\n\n<p class=\"has-text-align-center tabg bp1 has-background\" style=\"background-color:#e0007b1c\">Nos cours de DIY gers vous permettent de cr\u00e9er le projet de votre choix tout en b\u00e9n\u00e9ficiant de notre aide. Nous sommes l\u00e0 pour vous guider tout au long de votre projet.<br><strong>Possibilit\u00e9s de cours : couture &#8211; tricot &#8211; crochet &#8211; broderie &#8211; filage &#8211; tissage &#8211; patchwork &#8211; punch needle &#8211; canevas &#8211; aquarelle &#8211; dessin<\/strong><br><br>Venez participer \u00e0 un cours dans notre mercerie afin de cr\u00e9er avec d&rsquo;autres personnes, avoir acc\u00e8s au mat\u00e9riel qui vous manque et obtenir astuces, conseils et savoir faire, b\u00e9n\u00e9ficier d&rsquo;une biblioth\u00e8que de patrons et d&rsquo;ouvrage r\u00e9serv\u00e9e aux \u00e9l\u00e8ves et aux abonn\u00e9s de l&rsquo;atelier<br>Pour la couture amenez vos machines si vous le pouvez.<br>Sinon vous pourrez louer nos machines \u00e0 coudre, surjeteuse, recouvreuse, brodeuse, piqueuse plate\u2026<br>Nous animons les ateliers dans une ambiance bienveillante, nous ne sommes jamais dans le jugement.<\/p>\n\n\n\n<p>Inscrivez vous au 06 85 13 37 06 (Sandrine Datas) ou par <a href=\"https:\/\/pelotes-bobines-et-paillettes.fr\/index.php\/contact\/\">MAIL<\/a> ou sur mon messenger <a href=\"https:\/\/www.facebook.com\/sandrine.datas.32\">FACEBOOK<\/a> r\u00e9servez une semaine \u00e0 l&rsquo;avance suivant vos disponibilit\u00e9s<\/p>\n\n\n\n<h3 class=\"wp-block-heading has-text-color\" style=\"color:#009e83\">Les niveaux des cours de DIY gers: <\/h3>\n\n\n\n<p class=\"tabg bp1\">Si vous \u00eates compl\u00e8tement novice , n&rsquo;ayez pas peur de vous inscrire, il y aura toujours une discipline et un cours \u00e0 votre port\u00e9e. Vous constaterez que vous serez vite \u00e0 m\u00eame de r\u00e9aliser des ouvrages dont vous serez fiers.<br>Si vous \u00eates confirm\u00e9 mais que vous avez besoin d&rsquo;aide sur un point technique, nous sommes l\u00e0 pour vous guider et vous aider dans la r\u00e9alisation ou la modification de patron \u00e0 votre taille<br><br>Les enfants peuvent participer aux cours \u00e0 partir de 10 ans sous la surveillance d&rsquo;un parent<br>Les ados peuvent participer seuls \u00e0 partir de 15 ans.<\/p>\n\n\n\n<p class=\"tdiy\">Tarif  : 10 euros de l&rsquo;heure, 90 euros les 10 heures<br>Tarif famille 10% de r\u00e9duction \u00e0 partir de la deuxi\u00e8me personne inscrite.<\/p>\n\n\n\n<p class=\"tabg bp1\">Mati\u00e8re premi\u00e8re, patron et boissons non comprises. Eau plate et gazeuse \u00e0 disposition.<br>Vous pouvez amener votre mati\u00e8re premi\u00e8re ou acheter ce dont vous avez besoin dans notre mercerie.<\/p>\n\n\n\n<p><\/p>\n\n\n\n<h2 class=\"wp-block-heading has-text-align-center has-text-color\" style=\"color:#009e83\">Exemples de cours<\/h2>\n\n\n\n<div class=\"wp-block-columns is-layout-flex wp-container-core-columns-is-layout-28f84493 wp-block-columns-is-layout-flex\">\n<div class=\"wp-block-column is-layout-flow wp-block-column-is-layout-flow\">\n<h3 class=\"wp-block-heading tdiy has-text-color\" style=\"color:#e1007a\">Coudre un v\u00eatement d&rsquo;apr\u00e8s un patron<\/h3>\n\n\n\n<figure class=\"wp-block-image size-large fstimage image-fond\"><img loading=\"lazy\" decoding=\"async\" width=\"200\" height=\"150\" src=\"https:\/\/pelotes-bobines-et-paillettes.fr\/wp-content\/uploads\/2021\/02\/chemise.jpg\" alt=\"chemise atelier DIY gers\" class=\"wp-image-682\" title=\"atelier coudre d'apr\u00e8s un patron\"\/><figcaption class=\"wp-element-caption\">chemise atelier diy seissan<\/figcaption><\/figure>\n\n\n\n<p class=\"bp1 has-background\" style=\"background-color:#d5f095\">Pour ce cours vous aurez besoin d&rsquo;un patron, du m\u00e9trage de tissu et de la mercerie demand\u00e9s dans le patron choisi. <br>Vous pourrez \u00e9galement acheter tissu et mercerie dans notre boutique<br>Apportez votre machine \u00e0 coudre si vous en poss\u00e9dez une.<br>Je vous aiderai dans le choix de la taille et pour la modification de patron si elle est n\u00e9cessaire<\/p>\n\n\n\n<p class=\"bp1 has-background\" style=\"background-color:#d5f095\">Dur\u00e9e de 1h \u00e0 4h suivant votre souhait<\/p>\n\n\n\n<p class=\"bp1 has-background\" style=\"background-color:#d5f095\">Date : Du mardi au samedi de 15h \u00e0 19h sur inscription au moins une semaine \u00e0 l&rsquo;avance<\/p>\n<\/div>\n\n\n\n<div class=\"wp-block-column is-layout-flow wp-block-column-is-layout-flow\">\n<h3 class=\"wp-block-heading tdiy has-text-color\" style=\"color:#e1007a\">Tricoter un pull ou un accessoire<\/h3>\n\n\n\n<figure class=\"wp-block-image size-large fstimage image-fond\"><img loading=\"lazy\" decoding=\"async\" width=\"200\" height=\"150\" src=\"https:\/\/pelotes-bobines-et-paillettes.fr\/wp-content\/uploads\/2021\/02\/pull.jpg\" alt=\"Brassi\u00e8re laine bergere de france\" class=\"wp-image-686\"\/><figcaption class=\"wp-element-caption\">Brassi\u00e8re laine Bergere de france<\/figcaption><\/figure>\n\n\n\n<p class=\"bp1 has-background\" style=\"background-color:#d5f095\">Pour ce cours (ici un exemple r\u00e9alis\u00e9 avec la laine <a href=\"https:\/\/www.bergeredefrance.fr\/\" target=\"_blank\" rel=\"noreferrer noopener\">Berg\u00e8re de France<\/a>) amenez votre projet tricot et le mat\u00e9riel n\u00e9cessaire. Vous trouverez \u00e9galement le mat\u00e9riel n\u00e9cessaire dans notre mercerie; laine, patrons et aiguilles&#8230;<\/p>\n\n\n\n<p class=\"bp1 has-background\" style=\"background-color:#d5f095\">Dur\u00e9e de 1h \u00e0 4 h suivant votre souhait<\/p>\n\n\n\n<p class=\"bp1 has-background\" style=\"background-color:#d5f095\">Date : Du mardi au samedi de 15h \u00e0 19h sur inscription au moins une semaine \u00e0 l&rsquo;avance<\/p>\n<\/div>\n<\/div>\n\n\n\n<p class=\"bloc-encadre tabg bp1\">J\u2019attends vos souhaits et suggestions que ce soit en mati\u00e8re de couture, tricot, crochet, broderie, ou tout autre activit\u00e9 DIY li\u00e9e aux arts du fils. Je peux \u00e9galement animer des cours de dessin et aquarelle.<br>Je mettrai en ligne vos suggestions sur cette page afin de voir si d\u2019autres personnes sont int\u00e9ress\u00e9es. N\u2019h\u00e9sitez pas \u00e0 vous regrouper entre connaissances.<br>4 personnes maximum.<br><\/p>\n\n\n\n<h3 class=\"wp-block-heading has-text-color\" style=\"color:#009e83\">Pourquoi s&rsquo;inscrire \u00e0 un cours chez Pelotes Bobines et Paillettes?<\/h3>\n\n\n\n<p class=\"tabg bp1\"><br>Vous inscrire \u00e0 un cours chez Pelotes Bobines et Paillettes c&rsquo;est vous permettre de cr\u00e9er tout en b\u00e9n\u00e9ficiant de l&rsquo;aide dont vous aurez besoin. C&rsquo;est cr\u00e9er dans une ambiance conviviale, ne plus \u00eatre seule face \u00e0 sa machine ou \u00e0 ses aiguilles. C&rsquo;est la perspective de repartir enrichie d&rsquo;exp\u00e9rience et d&rsquo;un savoir nouveau.<br>Bref venez et amusez vous chez Pelotes Bobines et paillettes!<\/p>\n\n\n\n<p><strong>Nos horaires <br>Mardi, mercredi, vendredi, samedi de 8h30 \u00e0 12h30 et de 14h30 \u00e0 18h30 <\/strong><br><strong>Jeudi de<strong>14h30 \u00e0 18h30  <\/strong><\/strong><br>Possibilit\u00e9 de nocturne jusqu&rsquo;\u00e0 21h sur rendez-vous au moins une semaine \u00e0 l&rsquo;avance au 06 85 13 37 06<\/p>\n","protected":false},"excerpt":{"rendered":"<p>Les cours de DIY gers de Pelotes Bobines et Paillettes Consultez l&rsquo;Agenda pour les Cours d\u00e9j\u00e0 programm\u00e9s. Et contactez-nous si vous souhaitez un horaire diff\u00e9rent Nos cours de DIY gers vous permettent de cr\u00e9er le projet de votre choix tout<\/p>\n","protected":false},"author":1,"featured_media":0,"parent":0,"menu_order":0,"comment_status":"closed","ping_status":"closed","template":"","meta":{"_uag_custom_page_level_css":"","footnotes":""},"class_list":["post-282","page","type-page","status-publish","hentry"],"featured_image_urls_v2":{"full":"","thumbnail":"","medium":"","medium_large":"","large":"","1536x1536":"","2048x2048":"","featured-blog-large":"","featured-blog-medium":"","featured":"","featured-blog-medium-small":""},"post_excerpt_stackable_v2":"<p>Les cours de DIY gers de Pelotes Bobines et Paillettes Consultez l&rsquo;Agenda pour les Cours d\u00e9j\u00e0 programm\u00e9s. Et contactez-nous si vous souhaitez un horaire diff\u00e9rent Nos cours de DIY gers vous permettent de cr\u00e9er le projet de votre choix tout en b\u00e9n\u00e9ficiant de notre aide. Nous sommes l\u00e0 pour vous guider tout au long de votre projet.Possibilit\u00e9s de cours : couture &#8211; tricot &#8211; crochet &#8211; broderie &#8211; filage &#8211; tissage &#8211; patchwork &#8211; punch needle &#8211; canevas &#8211; aquarelle &#8211; dessinVenez participer \u00e0 un cours dans notre mercerie afin de cr\u00e9er avec d&rsquo;autres personnes, avoir acc\u00e8s au mat\u00e9riel qui\u2026<\/p>\n","category_list_v2":"","author_info_v2":{"name":"Sd32admin260","url":"https:\/\/pelotes-bobines-et-paillettes.fr\/index.php\/author\/sd32admin260\/"},"comments_num_v2":"0 commentaire","yoast_head":"<!-- This site is optimized with the Yoast SEO plugin v27.5 - https:\/\/yoast.com\/product\/yoast-seo-wordpress\/ -->\n<title>Cours de diy gers seissan, Couture broderie crochet tricot arts du fil<\/title>\n<meta name=\"description\" content=\"Cours de DIY gers, couture, broderie, crochet, tricot, et arts du fil de tous niveaux. Location de machine \u00e0 coudre. Couturi\u00e8re pro.\" \/>\n<meta name=\"robots\" content=\"index, follow, max-snippet:-1, max-image-preview:large, max-video-preview:-1\" \/>\n<link rel=\"canonical\" href=\"https:\/\/pelotes-bobines-et-paillettes.fr\/index.php\/cours-de-diy-gers-seissan\/\" \/>\n<meta property=\"og:locale\" content=\"fr_FR\" \/>\n<meta property=\"og:type\" content=\"article\" \/>\n<meta property=\"og:title\" content=\"Atelier DIY Gers Seissan\" \/>\n<meta property=\"og:description\" content=\"Atelier DIY Gers Seissan, couture, crochet, tricot, broderie, raccommodage, arts du fils. Dispens\u00e9s par Sandrine Datas couturi\u00e8re pro\" \/>\n<meta property=\"og:url\" content=\"https:\/\/pelotes-bobines-et-paillettes.fr\/index.php\/cours-de-diy-gers-seissan\/\" \/>\n<meta property=\"og:site_name\" content=\"Pelotes Bobines et Paillettes\" \/>\n<meta property=\"article:modified_time\" content=\"2026-01-06T08:28:31+00:00\" \/>\n<meta property=\"og:image\" content=\"https:\/\/pelotes-bobines-et-paillettes.fr\/wp-content\/uploads\/2021\/06\/racommodage.jpg\" \/>\n\t<meta property=\"og:image:width\" content=\"267\" \/>\n\t<meta property=\"og:image:height\" content=\"200\" \/>\n\t<meta property=\"og:image:type\" content=\"image\/jpeg\" \/>\n<meta name=\"twitter:card\" content=\"summary_large_image\" \/>\n<meta name=\"twitter:label1\" content=\"Dur\u00e9e de lecture estim\u00e9e\" \/>\n\t<meta name=\"twitter:data1\" content=\"4 minutes\" \/>\n<script type=\"application\/ld+json\" class=\"yoast-schema-graph\">{\"@context\":\"https:\\\/\\\/schema.org\",\"@graph\":[{\"@type\":\"WebPage\",\"@id\":\"https:\\\/\\\/pelotes-bobines-et-paillettes.fr\\\/index.php\\\/cours-de-diy-gers-seissan\\\/\",\"url\":\"https:\\\/\\\/pelotes-bobines-et-paillettes.fr\\\/index.php\\\/cours-de-diy-gers-seissan\\\/\",\"name\":\"Cours de diy gers seissan, Couture broderie crochet tricot arts du fil\",\"isPartOf\":{\"@id\":\"https:\\\/\\\/pelotes-bobines-et-paillettes.fr\\\/#website\"},\"primaryImageOfPage\":{\"@id\":\"https:\\\/\\\/pelotes-bobines-et-paillettes.fr\\\/index.php\\\/cours-de-diy-gers-seissan\\\/#primaryimage\"},\"image\":{\"@id\":\"https:\\\/\\\/pelotes-bobines-et-paillettes.fr\\\/index.php\\\/cours-de-diy-gers-seissan\\\/#primaryimage\"},\"thumbnailUrl\":\"https:\\\/\\\/pelotes-bobines-et-paillettes.fr\\\/wp-content\\\/uploads\\\/2021\\\/02\\\/chemise.jpg\",\"datePublished\":\"2021-02-03T13:41:31+00:00\",\"dateModified\":\"2026-01-06T08:28:31+00:00\",\"description\":\"Cours de DIY gers, couture, broderie, crochet, tricot, et arts du fil de tous niveaux. Location de machine \u00e0 coudre. Couturi\u00e8re pro.\",\"breadcrumb\":{\"@id\":\"https:\\\/\\\/pelotes-bobines-et-paillettes.fr\\\/index.php\\\/cours-de-diy-gers-seissan\\\/#breadcrumb\"},\"inLanguage\":\"fr-FR\",\"potentialAction\":[{\"@type\":\"ReadAction\",\"target\":[\"https:\\\/\\\/pelotes-bobines-et-paillettes.fr\\\/index.php\\\/cours-de-diy-gers-seissan\\\/\"]}]},{\"@type\":\"ImageObject\",\"inLanguage\":\"fr-FR\",\"@id\":\"https:\\\/\\\/pelotes-bobines-et-paillettes.fr\\\/index.php\\\/cours-de-diy-gers-seissan\\\/#primaryimage\",\"url\":\"https:\\\/\\\/pelotes-bobines-et-paillettes.fr\\\/wp-content\\\/uploads\\\/2021\\\/02\\\/chemise.jpg\",\"contentUrl\":\"https:\\\/\\\/pelotes-bobines-et-paillettes.fr\\\/wp-content\\\/uploads\\\/2021\\\/02\\\/chemise.jpg\",\"width\":200,\"height\":150,\"caption\":\"chemise atelier diy seissan\"},{\"@type\":\"BreadcrumbList\",\"@id\":\"https:\\\/\\\/pelotes-bobines-et-paillettes.fr\\\/index.php\\\/cours-de-diy-gers-seissan\\\/#breadcrumb\",\"itemListElement\":[{\"@type\":\"ListItem\",\"position\":1,\"name\":\"Accueil\",\"item\":\"https:\\\/\\\/pelotes-bobines-et-paillettes.fr\\\/\"},{\"@type\":\"ListItem\",\"position\":2,\"name\":\"Cours\"}]},{\"@type\":\"WebSite\",\"@id\":\"https:\\\/\\\/pelotes-bobines-et-paillettes.fr\\\/#website\",\"url\":\"https:\\\/\\\/pelotes-bobines-et-paillettes.fr\\\/\",\"name\":\"Pelotes Bobines et Paillettes\",\"description\":\"La mercerie qui met des paillettes dans votre vie !\",\"publisher\":{\"@id\":\"https:\\\/\\\/pelotes-bobines-et-paillettes.fr\\\/#\\\/schema\\\/person\\\/70ca32fb0aa7d4ef7fcaffac2b7bc3eb\"},\"potentialAction\":[{\"@type\":\"SearchAction\",\"target\":{\"@type\":\"EntryPoint\",\"urlTemplate\":\"https:\\\/\\\/pelotes-bobines-et-paillettes.fr\\\/?s={search_term_string}\"},\"query-input\":{\"@type\":\"PropertyValueSpecification\",\"valueRequired\":true,\"valueName\":\"search_term_string\"}}],\"inLanguage\":\"fr-FR\"},{\"@type\":[\"Person\",\"Organization\"],\"@id\":\"https:\\\/\\\/pelotes-bobines-et-paillettes.fr\\\/#\\\/schema\\\/person\\\/70ca32fb0aa7d4ef7fcaffac2b7bc3eb\",\"name\":\"Sd32admin260\",\"image\":{\"@type\":\"ImageObject\",\"inLanguage\":\"fr-FR\",\"@id\":\"https:\\\/\\\/pelotes-bobines-et-paillettes.fr\\\/wp-content\\\/uploads\\\/2021\\\/02\\\/cropped-caticorne-aqua500x500.gif\",\"url\":\"https:\\\/\\\/pelotes-bobines-et-paillettes.fr\\\/wp-content\\\/uploads\\\/2021\\\/02\\\/cropped-caticorne-aqua500x500.gif\",\"contentUrl\":\"https:\\\/\\\/pelotes-bobines-et-paillettes.fr\\\/wp-content\\\/uploads\\\/2021\\\/02\\\/cropped-caticorne-aqua500x500.gif\",\"width\":500,\"height\":500,\"caption\":\"Sd32admin260\"},\"logo\":{\"@id\":\"https:\\\/\\\/pelotes-bobines-et-paillettes.fr\\\/wp-content\\\/uploads\\\/2021\\\/02\\\/cropped-caticorne-aqua500x500.gif\"},\"sameAs\":[\"http:\\\/\\\/pelotes-bobines-et-paillettes.fr\"]}]}<\/script>\n<!-- \/ Yoast SEO plugin. -->","yoast_head_json":{"title":"Cours de diy gers seissan, Couture broderie crochet tricot arts du fil","description":"Cours de DIY gers, couture, broderie, crochet, tricot, et arts du fil de tous niveaux. Location de machine \u00e0 coudre. Couturi\u00e8re pro.","robots":{"index":"index","follow":"follow","max-snippet":"max-snippet:-1","max-image-preview":"max-image-preview:large","max-video-preview":"max-video-preview:-1"},"canonical":"https:\/\/pelotes-bobines-et-paillettes.fr\/index.php\/cours-de-diy-gers-seissan\/","og_locale":"fr_FR","og_type":"article","og_title":"Atelier DIY Gers Seissan","og_description":"Atelier DIY Gers Seissan, couture, crochet, tricot, broderie, raccommodage, arts du fils. Dispens\u00e9s par Sandrine Datas couturi\u00e8re pro","og_url":"https:\/\/pelotes-bobines-et-paillettes.fr\/index.php\/cours-de-diy-gers-seissan\/","og_site_name":"Pelotes Bobines et Paillettes","article_modified_time":"2026-01-06T08:28:31+00:00","og_image":[{"width":267,"height":200,"url":"https:\/\/pelotes-bobines-et-paillettes.fr\/wp-content\/uploads\/2021\/06\/racommodage.jpg","type":"image\/jpeg"}],"twitter_card":"summary_large_image","twitter_misc":{"Dur\u00e9e de lecture estim\u00e9e":"4 minutes"},"schema":{"@context":"https:\/\/schema.org","@graph":[{"@type":"WebPage","@id":"https:\/\/pelotes-bobines-et-paillettes.fr\/index.php\/cours-de-diy-gers-seissan\/","url":"https:\/\/pelotes-bobines-et-paillettes.fr\/index.php\/cours-de-diy-gers-seissan\/","name":"Cours de diy gers seissan, Couture broderie crochet tricot arts du fil","isPartOf":{"@id":"https:\/\/pelotes-bobines-et-paillettes.fr\/#website"},"primaryImageOfPage":{"@id":"https:\/\/pelotes-bobines-et-paillettes.fr\/index.php\/cours-de-diy-gers-seissan\/#primaryimage"},"image":{"@id":"https:\/\/pelotes-bobines-et-paillettes.fr\/index.php\/cours-de-diy-gers-seissan\/#primaryimage"},"thumbnailUrl":"https:\/\/pelotes-bobines-et-paillettes.fr\/wp-content\/uploads\/2021\/02\/chemise.jpg","datePublished":"2021-02-03T13:41:31+00:00","dateModified":"2026-01-06T08:28:31+00:00","description":"Cours de DIY gers, couture, broderie, crochet, tricot, et arts du fil de tous niveaux. Location de machine \u00e0 coudre. Couturi\u00e8re pro.","breadcrumb":{"@id":"https:\/\/pelotes-bobines-et-paillettes.fr\/index.php\/cours-de-diy-gers-seissan\/#breadcrumb"},"inLanguage":"fr-FR","potentialAction":[{"@type":"ReadAction","target":["https:\/\/pelotes-bobines-et-paillettes.fr\/index.php\/cours-de-diy-gers-seissan\/"]}]},{"@type":"ImageObject","inLanguage":"fr-FR","@id":"https:\/\/pelotes-bobines-et-paillettes.fr\/index.php\/cours-de-diy-gers-seissan\/#primaryimage","url":"https:\/\/pelotes-bobines-et-paillettes.fr\/wp-content\/uploads\/2021\/02\/chemise.jpg","contentUrl":"https:\/\/pelotes-bobines-et-paillettes.fr\/wp-content\/uploads\/2021\/02\/chemise.jpg","width":200,"height":150,"caption":"chemise atelier diy seissan"},{"@type":"BreadcrumbList","@id":"https:\/\/pelotes-bobines-et-paillettes.fr\/index.php\/cours-de-diy-gers-seissan\/#breadcrumb","itemListElement":[{"@type":"ListItem","position":1,"name":"Accueil","item":"https:\/\/pelotes-bobines-et-paillettes.fr\/"},{"@type":"ListItem","position":2,"name":"Cours"}]},{"@type":"WebSite","@id":"https:\/\/pelotes-bobines-et-paillettes.fr\/#website","url":"https:\/\/pelotes-bobines-et-paillettes.fr\/","name":"Pelotes Bobines et Paillettes","description":"La mercerie qui met des paillettes dans votre vie !","publisher":{"@id":"https:\/\/pelotes-bobines-et-paillettes.fr\/#\/schema\/person\/70ca32fb0aa7d4ef7fcaffac2b7bc3eb"},"potentialAction":[{"@type":"SearchAction","target":{"@type":"EntryPoint","urlTemplate":"https:\/\/pelotes-bobines-et-paillettes.fr\/?s={search_term_string}"},"query-input":{"@type":"PropertyValueSpecification","valueRequired":true,"valueName":"search_term_string"}}],"inLanguage":"fr-FR"},{"@type":["Person","Organization"],"@id":"https:\/\/pelotes-bobines-et-paillettes.fr\/#\/schema\/person\/70ca32fb0aa7d4ef7fcaffac2b7bc3eb","name":"Sd32admin260","image":{"@type":"ImageObject","inLanguage":"fr-FR","@id":"https:\/\/pelotes-bobines-et-paillettes.fr\/wp-content\/uploads\/2021\/02\/cropped-caticorne-aqua500x500.gif","url":"https:\/\/pelotes-bobines-et-paillettes.fr\/wp-content\/uploads\/2021\/02\/cropped-caticorne-aqua500x500.gif","contentUrl":"https:\/\/pelotes-bobines-et-paillettes.fr\/wp-content\/uploads\/2021\/02\/cropped-caticorne-aqua500x500.gif","width":500,"height":500,"caption":"Sd32admin260"},"logo":{"@id":"https:\/\/pelotes-bobines-et-paillettes.fr\/wp-content\/uploads\/2021\/02\/cropped-caticorne-aqua500x500.gif"},"sameAs":["http:\/\/pelotes-bobines-et-paillettes.fr"]}]}},"uagb_featured_image_src":{"full":false,"thumbnail":false,"medium":false,"medium_large":false,"large":false,"1536x1536":false,"2048x2048":false,"featured-blog-large":false,"featured-blog-medium":false,"featured":false,"featured-blog-medium-small":false},"uagb_author_info":{"display_name":"Sd32admin260","author_link":"https:\/\/pelotes-bobines-et-paillettes.fr\/index.php\/author\/sd32admin260\/"},"uagb_comment_info":0,"uagb_excerpt":"Les cours de DIY gers de Pelotes Bobines et Paillettes Consultez l&rsquo;Agenda pour les Cours d\u00e9j\u00e0 programm\u00e9s. Et contactez-nous si vous souhaitez un horaire diff\u00e9rent Nos cours de DIY gers vous permettent de cr\u00e9er le projet de votre choix tout","_links":{"self":[{"href":"https:\/\/pelotes-bobines-et-paillettes.fr\/index.php\/wp-json\/wp\/v2\/pages\/282","targetHints":{"allow":["GET"]}}],"collection":[{"href":"https:\/\/pelotes-bobines-et-paillettes.fr\/index.php\/wp-json\/wp\/v2\/pages"}],"about":[{"href":"https:\/\/pelotes-bobines-et-paillettes.fr\/index.php\/wp-json\/wp\/v2\/types\/page"}],"author":[{"embeddable":true,"href":"https:\/\/pelotes-bobines-et-paillettes.fr\/index.php\/wp-json\/wp\/v2\/users\/1"}],"replies":[{"embeddable":true,"href":"https:\/\/pelotes-bobines-et-paillettes.fr\/index.php\/wp-json\/wp\/v2\/comments?post=282"}],"version-history":[{"count":62,"href":"https:\/\/pelotes-bobines-et-paillettes.fr\/index.php\/wp-json\/wp\/v2\/pages\/282\/revisions"}],"predecessor-version":[{"id":1921,"href":"https:\/\/pelotes-bobines-et-paillettes.fr\/index.php\/wp-json\/wp\/v2\/pages\/282\/revisions\/1921"}],"wp:attachment":[{"href":"https:\/\/pelotes-bobines-et-paillettes.fr\/index.php\/wp-json\/wp\/v2\/media?parent=282"}],"curies":[{"name":"wp","href":"https:\/\/api.w.org\/{rel}","templated":true}]}}